{"id":1620,"date":"2022-01-12T22:43:55","date_gmt":"2022-01-13T01:43:55","guid":{"rendered":"https:\/\/lamoreno.com.ar\/web\/?page_id=1620"},"modified":"2022-01-13T12:43:10","modified_gmt":"2022-01-13T15:43:10","slug":"subcomision-de-espectaculos","status":"publish","type":"page","link":"https:\/\/lamoreno.com.ar\/web\/sobre-la-bilioteca\/cd\/subcomision-de-espectaculos\/","title":{"rendered":"Subcomisi\u00f3n de Espect\u00e1culos"},"content":{"rendered":"<div id=\"fb-root\"><\/div>\n\n<div class=\"wp-block-media-text alignwide is-stacked-on-mobile is-vertically-aligned-top\" style=\"grid-template-columns:45% auto\"><figure class=\"wp-block-media-text__media\"><img  title=\"\" fetchpriority=\"high\" decoding=\"async\" width=\"576\" height=\"1024\" src=\"https:\/\/lamoreno.com.ar\/web\/wp-content\/uploads\/2018\/11\/IMG_20181110_221535-576x1024.jpg\"  alt=\"IMG_20181110_221535-576x1024 Subcomisi\u00f3n de Espect\u00e1culos\"  class=\"wp-image-364 size-full\" srcset=\"https:\/\/lamoreno.com.ar\/web\/wp-content\/uploads\/2018\/11\/IMG_20181110_221535-576x1024.jpg 576w, https:\/\/lamoreno.com.ar\/web\/wp-content\/uploads\/2018\/11\/IMG_20181110_221535-600x1067.jpg 600w, https:\/\/lamoreno.com.ar\/web\/wp-content\/uploads\/2018\/11\/IMG_20181110_221535-169x300.jpg 169w, https:\/\/lamoreno.com.ar\/web\/wp-content\/uploads\/2018\/11\/IMG_20181110_221535-768x1365.jpg 768w, https:\/\/lamoreno.com.ar\/web\/wp-content\/uploads\/2018\/11\/IMG_20181110_221535-17x30.jpg 17w, https:\/\/lamoreno.com.ar\/web\/wp-content\/uploads\/2018\/11\/IMG_20181110_221535-scaled.jpg 1440w\" sizes=\"(max-width: 576px) 100vw, 576px\" \/><\/figure><div class=\"wp-block-media-text__content\">\n<p style=\"font-size:22px\">En enero de 2022 la Comisi\u00f3n Directiva crea la <strong><em>Subcomisi\u00f3n de espect\u00e1culos<\/em><\/strong>, con el fin de recibir, evaluar y programar las propuestas art\u00edsticas como exposiciones, espect\u00e1culos, recitales, presentaciones de libros, ciclos de cine, eventos, etc. que las compa\u00f1\u00edas teatrales, de danza, bandas musicales, poetas, cantantes y dem\u00e1s artistas deseen presentar en el \u00e1mbito de la instituci\u00f3n.<br><br>Desde su fundaci\u00f3n <strong><em>La Moreno<\/em><\/strong> es casa de los artistas de la zona y de otras latitudes que eligen este espacio para presentar sus espect\u00e1culos a la comunidad.  <br><br>Del mismo modo convocamos y organizamos ciclos especiales de producci\u00f3n propia como Cine-debate, recitales de poes\u00eda, ciclos de jazz, etc, siempre acompa\u00f1ados de una propuesta gastron\u00f3mica casera y de precios populares.  <\/p>\n\n\n\n<h2 class=\"has-text-align-center wp-block-heading\"> \u00a1Esperamos tu propuesta! <\/h2>\n<\/div><\/div>\n\n\n\n<hr class=\"wp-block-separator is-style-default\"\/>\n\n\n\n<h3 class=\"has-text-align-center wp-block-heading\">Escribinos a<br><a rel=\"noreferrer noopener\" href=\"mailto:eventos@lamoreno.com.ar\" target=\"_blank\">eventos@lamoreno.com.ar<\/a><br>con tu propuesta de espect\u00e1culo.<\/h3>\n\n\n\n<p class=\"has-text-align-center has-normal-font-size\">Si lo ten\u00e9s te pedimos que nos env\u00edes <strong>una carpeta o dossier<\/strong> con los datos del espect\u00e1culo como sinopsis, cantidad y detalle de los integrantes, necesidades t\u00e9cnicas, p\u00fablico objetivo, medios de contacto y &#8211; de ser posible &#8211; un enlace para tomar contacto con el espect\u00e1culo grabado o parte del mismo.<br><\/p>\n\n\n\n<h2 class=\"has-text-align-center has-vivid-red-color has-text-color wp-block-heading\">\u00a1Hagamos qu\u00e9 el p\u00fablico de La Moreno conozca tu arte!<\/h2>\n\n\n\n<hr class=\"wp-block-separator is-style-default\"\/>\n\n\n\n<p class=\"has-text-align-center\">Son integrantes de la Subcomisi\u00f3n de espect\u00e1culos: <br>Silvia Piccini &#8211; Alicia Fern\u00e1ndez &#8211; Alejandra Leyes &#8211; Daniel Cinelli<\/p>\n<!-- AddThis Advanced Settings generic via filter on the_content --><!-- AddThis Share Buttons generic via filter on the_content -->","protected":false},"excerpt":{"rendered":"<p>En enero de 2022 la Comisi\u00f3n Directiva crea la Subcomisi\u00f3n de espect\u00e1culos, con el fin de recibir, evaluar y programar las propuestas art\u00edsticas como exposiciones, espect\u00e1culos, recitales, presentaciones de libros, ciclos de cine, eventos, etc. que las compa\u00f1\u00edas teatrales, de danza, bandas musicales, poetas, cantantes y dem\u00e1s artistas deseen presentar en el \u00e1mbito de la<\/p><\/div>\n<div class=\"blog-btn\"><a href=\"https:\/\/lamoreno.com.ar\/web\/sobre-la-bilioteca\/cd\/subcomision-de-espectaculos\/\" class=\"home-blog-btn\">Leer m\u00e1s<\/a><!-- AddThis Advanced Settings generic via filter on get_the_excerpt --><!-- AddThis Share Buttons generic via filter on get_the_excerpt --><\/p>\n","protected":false},"author":7,"featured_media":0,"parent":5,"menu_order":0,"comment_status":"closed","ping_status":"closed","template":"template\/template-page-full-width.php","meta":{"footnotes":""},"class_list":["post-1620","page","type-page","status-publish","hentry"],"_links":{"self":[{"href":"https:\/\/lamoreno.com.ar\/web\/wp-json\/wp\/v2\/pages\/1620","targetHints":{"allow":["GET"]}}],"collection":[{"href":"https:\/\/lamoreno.com.ar\/web\/wp-json\/wp\/v2\/pages"}],"about":[{"href":"https:\/\/lamoreno.com.ar\/web\/wp-json\/wp\/v2\/types\/page"}],"author":[{"embeddable":true,"href":"https:\/\/lamoreno.com.ar\/web\/wp-json\/wp\/v2\/users\/7"}],"replies":[{"embeddable":true,"href":"https:\/\/lamoreno.com.ar\/web\/wp-json\/wp\/v2\/comments?post=1620"}],"version-history":[{"count":5,"href":"https:\/\/lamoreno.com.ar\/web\/wp-json\/wp\/v2\/pages\/1620\/revisions"}],"predecessor-version":[{"id":1629,"href":"https:\/\/lamoreno.com.ar\/web\/wp-json\/wp\/v2\/pages\/1620\/revisions\/1629"}],"up":[{"embeddable":true,"href":"https:\/\/lamoreno.com.ar\/web\/wp-json\/wp\/v2\/pages\/5"}],"wp:attachment":[{"href":"https:\/\/lamoreno.com.ar\/web\/wp-json\/wp\/v2\/media?parent=1620"}],"curies":[{"name":"wp","href":"https:\/\/api.w.org\/{rel}","templated":true}]}}