{"id":73,"date":"2018-06-21T06:59:09","date_gmt":"2018-06-21T06:59:09","guid":{"rendered":"https:\/\/lamoreno.com.ar\/web\/?page_id=73"},"modified":"2022-01-22T12:53:04","modified_gmt":"2022-01-22T15:53:04","slug":"socios","status":"publish","type":"page","link":"https:\/\/lamoreno.com.ar\/web\/socios\/","title":{"rendered":"Socios"},"content":{"rendered":"<div id=\"fb-root\"><\/div>\n\n<p class=\"has-text-align-center has-normal-font-size\">Todos los vecinos pueden utilizar el espacio o consultar libros en sala<br>en los horarios que tenemos abierto al p\u00fablico sin necesidad de asociarse.<\/p>\n\n\n\n<p class=\"has-text-align-center has-normal-font-size\">Siendo socio podes llevar en pr\u00e9stamo<br><strong>hasta tres libros por 21 d\u00edas<\/strong>.<\/p>\n\n\n\n<p class=\"has-text-align-center has-normal-font-size\"><span style=\"color: #333399;\"><em>Se cobrar\u00e1 una multa de $1.- (un peso) <\/em><\/span><br><span style=\"color: #333399;\"><em>por cada d\u00eda de demora en la devoluci\u00f3n de un libro.<\/em><\/span><\/p>\n\n\n\n<p class=\"has-text-align-left has-normal-font-size\"><span style=\"color: #000000;\"><strong>Requisitos para hacerse socio\/socia:<\/strong><\/span><\/p>\n\n\n\n<ul class=\"has-normal-font-size wp-block-list\"><li>Traer fotocopia DNI<\/li><li>Traer fotocopia de factura de servicio donde figure el domicilio<\/li><li style=\"text-align: left;\">Abonar dos cuotas juntas al asociarse por primera vez, luego se abona mensualmente.<\/li><\/ul>\n\n\n\n<p class=\"has-text-align-center has-normal-font-size\">Valor de la cuota mensual: <b>$ 200.- (Pesos doscientos)<\/b><\/p>\n\n\n\n<p class=\"has-text-align-center has-normal-font-size\">Descuento abonando 1 a\u00f1o entero: <strong>$ 2.000.- (Pesos dos mil)<\/strong><\/p>\n\n\n\n<hr class=\"wp-block-separator\"\/>\n\n\n<div data-block-name=\"woocommerce\/handpicked-products\" data-columns=\"2\" data-content-visibility=\"{&quot;title&quot;:true,&quot;price&quot;:true,&quot;rating&quot;:false,&quot;button&quot;:true}\" data-edit-mode=\"false\" data-products=\"[923,924]\" class=\"wc-block-grid wp-block-handpicked-products wp-block-woocommerce-handpicked-products wc-block-handpicked-products has-2-columns has-multiple-rows\"><ul class=\"wc-block-grid__products\"><li class=\"wc-block-grid__product\">\n\t\t\t\t<a href=\"https:\/\/lamoreno.com.ar\/web\/producto\/cuota-anual\/\" class=\"wc-block-grid__product-link\">\n\t\t\t\t\t\n\t\t\t\t\t<div class=\"wc-block-grid__product-image\"><img  title=\"\" fetchpriority=\"high\" decoding=\"async\" width=\"300\" height=\"300\" src=\"https:\/\/lamoreno.com.ar\/web\/wp-content\/uploads\/2022\/01\/LA-MORENO-CUOTA-ANUAL-300x300-1-300x300.png\" class=\"attachment-woocommerce_thumbnail size-woocommerce_thumbnail\"  alt=\"LA-MORENO-CUOTA-ANUAL-300x300-1-300x300 Socios\"  srcset=\"https:\/\/lamoreno.com.ar\/web\/wp-content\/uploads\/2022\/01\/LA-MORENO-CUOTA-ANUAL-300x300-1-300x300.png 300w, https:\/\/lamoreno.com.ar\/web\/wp-content\/uploads\/2022\/01\/LA-MORENO-CUOTA-ANUAL-300x300-1-150x150.png 150w, https:\/\/lamoreno.com.ar\/web\/wp-content\/uploads\/2022\/01\/LA-MORENO-CUOTA-ANUAL-300x300-1-30x30.png 30w, https:\/\/lamoreno.com.ar\/web\/wp-content\/uploads\/2022\/01\/LA-MORENO-CUOTA-ANUAL-300x300-1-600x600.png 600w, https:\/\/lamoreno.com.ar\/web\/wp-content\/uploads\/2022\/01\/LA-MORENO-CUOTA-ANUAL-300x300-1-100x100.png 100w, https:\/\/lamoreno.com.ar\/web\/wp-content\/uploads\/2022\/01\/LA-MORENO-CUOTA-ANUAL-300x300-1.png 654w\" sizes=\"(max-width: 300px) 100vw, 300px\" \/><\/div>\n\t\t\t\t\t<div class=\"wc-block-grid__product-title\">Cuota Anual<\/div>\n\t\t\t\t<\/a>\n\t\t\t\t<div class=\"wc-block-grid__product-price price\"><del aria-hidden=\"true\"><span class=\"woocommerce-Price-amount amount\"><span class=\"woocommerce-Price-currencySymbol\">&#036;<\/span>60,000.00<\/span><\/del> <span class=\"screen-reader-text\">El precio original era: &#036;60,000.00.<\/span><ins aria-hidden=\"true\"><span class=\"woocommerce-Price-amount amount\"><span class=\"woocommerce-Price-currencySymbol\">&#036;<\/span>50,000.00<\/span><\/ins><span class=\"screen-reader-text\">El precio actual es: &#036;50,000.00.<\/span><\/div>\n\t\t\t\t\n\t\t\t\t<div class=\"wp-block-button wc-block-grid__product-add-to-cart\"><a href=\"\/web\/wp-json\/wp\/v2\/pages\/73?add-to-cart=924\" aria-label=\"A\u00f1adir al carrito: &ldquo;Cuota Anual&rdquo;\" data-quantity=\"1\" data-product_id=\"924\" data-product_sku=\"\" data-price=\"50000\" rel=\"nofollow\" class=\"wp-block-button__link  add_to_cart_button ajax_add_to_cart\">A\u00f1adir al carrito<\/a><\/div>\n\t\t\t<\/li><li class=\"wc-block-grid__product\">\n\t\t\t\t<a href=\"https:\/\/lamoreno.com.ar\/web\/producto\/cuota-mensual\/\" class=\"wc-block-grid__product-link\">\n\t\t\t\t\t\n\t\t\t\t\t<div class=\"wc-block-grid__product-image\"><img  title=\"\" decoding=\"async\" width=\"300\" height=\"300\" src=\"https:\/\/lamoreno.com.ar\/web\/wp-content\/uploads\/2022\/01\/LA-MORENO-CUOTA-MENSUAL-300x300-1-300x300.png\" class=\"attachment-woocommerce_thumbnail size-woocommerce_thumbnail\"  alt=\"LA-MORENO-CUOTA-MENSUAL-300x300-1-300x300 Socios\"  srcset=\"https:\/\/lamoreno.com.ar\/web\/wp-content\/uploads\/2022\/01\/LA-MORENO-CUOTA-MENSUAL-300x300-1-300x300.png 300w, https:\/\/lamoreno.com.ar\/web\/wp-content\/uploads\/2022\/01\/LA-MORENO-CUOTA-MENSUAL-300x300-1-150x150.png 150w, https:\/\/lamoreno.com.ar\/web\/wp-content\/uploads\/2022\/01\/LA-MORENO-CUOTA-MENSUAL-300x300-1-30x30.png 30w, https:\/\/lamoreno.com.ar\/web\/wp-content\/uploads\/2022\/01\/LA-MORENO-CUOTA-MENSUAL-300x300-1-600x600.png 600w, https:\/\/lamoreno.com.ar\/web\/wp-content\/uploads\/2022\/01\/LA-MORENO-CUOTA-MENSUAL-300x300-1-100x100.png 100w, https:\/\/lamoreno.com.ar\/web\/wp-content\/uploads\/2022\/01\/LA-MORENO-CUOTA-MENSUAL-300x300-1.png 654w\" sizes=\"(max-width: 300px) 100vw, 300px\" \/><\/div>\n\t\t\t\t\t<div class=\"wc-block-grid__product-title\">Cuota mensual<\/div>\n\t\t\t\t<\/a>\n\t\t\t\t<div class=\"wc-block-grid__product-price price\"><span class=\"woocommerce-Price-amount amount\"><span class=\"woocommerce-Price-currencySymbol\">&#036;<\/span>5,000.00<\/span><\/div>\n\t\t\t\t\n\t\t\t\t<div class=\"wp-block-button wc-block-grid__product-add-to-cart\"><a href=\"\/web\/wp-json\/wp\/v2\/pages\/73?add-to-cart=923\" aria-label=\"A\u00f1adir al carrito: &ldquo;Cuota mensual&rdquo;\" data-quantity=\"1\" data-product_id=\"923\" data-product_sku=\"\" data-price=\"5000\" rel=\"nofollow\" class=\"wp-block-button__link  add_to_cart_button ajax_add_to_cart\">A\u00f1adir al carrito<\/a><\/div>\n\t\t\t<\/li><\/ul><\/div><!-- AddThis Advanced Settings generic via filter on the_content --><!-- AddThis Share Buttons generic via filter on the_content -->","protected":false},"excerpt":{"rendered":"<p>Todos los vecinos pueden utilizar el espacio o consultar libros en salaen los horarios que tenemos abierto al p\u00fablico sin necesidad de asociarse. Siendo socio podes llevar en pr\u00e9stamohasta tres libros por 21 d\u00edas. Se cobrar\u00e1 una multa de $1.- (un peso) por cada d\u00eda de demora en la devoluci\u00f3n de un libro. Requisitos para<\/p><\/div>\n<div class=\"blog-btn\"><a href=\"https:\/\/lamoreno.com.ar\/web\/socios\/\" class=\"home-blog-btn\">Leer m\u00e1s<\/a><!-- AddThis Advanced Settings generic via filter on get_the_excerpt --><!-- AddThis Share Buttons generic via filter on get_the_excerpt --><\/p>\n","protected":false},"author":2,"featured_media":0,"parent":0,"menu_order":3,"comment_status":"closed","ping_status":"closed","template":"template\/template-page-full-width.php","meta":{"footnotes":""},"class_list":["post-73","page","type-page","status-publish","hentry"],"_links":{"self":[{"href":"https:\/\/lamoreno.com.ar\/web\/wp-json\/wp\/v2\/pages\/73","targetHints":{"allow":["GET"]}}],"collection":[{"href":"https:\/\/lamoreno.com.ar\/web\/wp-json\/wp\/v2\/pages"}],"about":[{"href":"https:\/\/lamoreno.com.ar\/web\/wp-json\/wp\/v2\/types\/page"}],"author":[{"embeddable":true,"href":"https:\/\/lamoreno.com.ar\/web\/wp-json\/wp\/v2\/users\/2"}],"replies":[{"embeddable":true,"href":"https:\/\/lamoreno.com.ar\/web\/wp-json\/wp\/v2\/comments?post=73"}],"version-history":[{"count":14,"href":"https:\/\/lamoreno.com.ar\/web\/wp-json\/wp\/v2\/pages\/73\/revisions"}],"predecessor-version":[{"id":1673,"href":"https:\/\/lamoreno.com.ar\/web\/wp-json\/wp\/v2\/pages\/73\/revisions\/1673"}],"wp:attachment":[{"href":"https:\/\/lamoreno.com.ar\/web\/wp-json\/wp\/v2\/media?parent=73"}],"curies":[{"name":"wp","href":"https:\/\/api.w.org\/{rel}","templated":true}]}}