{"id":2430,"date":"2025-11-12T16:14:45","date_gmt":"2025-11-12T19:14:45","guid":{"rendered":"https:\/\/lamoreno.com.ar\/web\/?post_type=product&#038;p=2430"},"modified":"2026-04-03T17:34:12","modified_gmt":"2026-04-03T20:34:12","slug":"bar-de-mil-petalos","status":"publish","type":"product","link":"https:\/\/lamoreno.com.ar\/web\/producto\/bar-de-mil-petalos\/","title":{"rendered":"Bar de Mil P\u00e9talos"},"content":{"rendered":"<div id=\"fb-root\"><\/div>\n<p>&#x1f49b;&#x2728; BAR INCLUSIVO MIL P\u00c9TALOS &#x2728;&#x1f49b;<\/p>\n<p>Un espacio pensado para compartir, incluir y disfrutar en comunidad &#x1faf6;<\/p>\n<p>&#x2615; Vas a poder disfrutar de caf\u00e9 e infusiones<br \/>\n&#x1f3b6; M\u00fasica en vivo<br \/>\n&#x1f49b; Atenci\u00f3n a cargo de j\u00f3venes de Mil P\u00e9talos<\/p>\n<p>&#x1f43e; Adem\u00e1s\u2026 <strong>\u00a1adopci\u00f3n responsable!<\/strong><br \/>\nPerritos buscando una familia llena de amor &#x1f436;<\/p>\n<p>&#x1f381; Acci\u00f3n especial:<br \/>\n<em><strong>Si adopt\u00e1s un perrito, \u00a1Te llev\u00e1s un libro de regalo! &#x1f4da;<\/strong><\/em><\/p>\n<p>&#x1f33c; Sumate a vivir una tarde diferente, llena de inclusi\u00f3n, amor y comunidad.<\/p>\n<p>&#x1f449; \u00a1Te esperamos para ser parte!<\/p>\n<!-- AddThis Advanced Settings generic via filter on the_content --><!-- AddThis Share Buttons generic via filter on the_content -->","protected":false},"excerpt":{"rendered":"<p>&#x1f5d3; S\u00e1bado 11 de abril<br \/>\n&#x1f55e; De 15 a 18 hs<br \/>\n&#x1f4cd; Springolo 680, S\u00e1enz Pe\u00f1a<!-- AddThis Advanced Settings generic via filter on get_the_excerpt --><!-- AddThis Share Buttons generic via filter on get_the_excerpt --><\/p>\n","protected":false},"featured_media":2513,"comment_status":"closed","ping_status":"closed","template":"","meta":[],"product_brand":[],"product_cat":[92],"product_tag":[],"class_list":{"0":"post-2430","1":"product","2":"type-product","3":"status-publish","4":"has-post-thumbnail","6":"product_cat-espectaculos","8":"first","9":"onbackorder","10":"featured","11":"shipping-taxable","12":"purchasable","13":"product-type-simple"},"_links":{"self":[{"href":"https:\/\/lamoreno.com.ar\/web\/wp-json\/wp\/v2\/product\/2430","targetHints":{"allow":["GET"]}}],"collection":[{"href":"https:\/\/lamoreno.com.ar\/web\/wp-json\/wp\/v2\/product"}],"about":[{"href":"https:\/\/lamoreno.com.ar\/web\/wp-json\/wp\/v2\/types\/product"}],"replies":[{"embeddable":true,"href":"https:\/\/lamoreno.com.ar\/web\/wp-json\/wp\/v2\/comments?post=2430"}],"wp:featuredmedia":[{"embeddable":true,"href":"https:\/\/lamoreno.com.ar\/web\/wp-json\/wp\/v2\/media\/2513"}],"wp:attachment":[{"href":"https:\/\/lamoreno.com.ar\/web\/wp-json\/wp\/v2\/media?parent=2430"}],"wp:term":[{"taxonomy":"product_brand","embeddable":true,"href":"https:\/\/lamoreno.com.ar\/web\/wp-json\/wp\/v2\/product_brand?post=2430"},{"taxonomy":"product_cat","embeddable":true,"href":"https:\/\/lamoreno.com.ar\/web\/wp-json\/wp\/v2\/product_cat?post=2430"},{"taxonomy":"product_tag","embeddable":true,"href":"https:\/\/lamoreno.com.ar\/web\/wp-json\/wp\/v2\/product_tag?post=2430"}],"curies":[{"name":"wp","href":"https:\/\/api.w.org\/{rel}","templated":true}]}}