{"id":2514,"date":"2026-04-03T16:57:37","date_gmt":"2026-04-03T19:57:37","guid":{"rendered":"https:\/\/lamoreno.com.ar\/web\/?post_type=product&#038;p=2514"},"modified":"2026-04-03T17:33:25","modified_gmt":"2026-04-03T20:33:25","slug":"procedimientos-para-inhibir-la-voluntad-de-los-individuos","status":"publish","type":"product","link":"https:\/\/lamoreno.com.ar\/web\/producto\/procedimientos-para-inhibir-la-voluntad-de-los-individuos\/","title":{"rendered":"Procedimientos para inhibir la voluntad de los individuos"},"content":{"rendered":"<div id=\"fb-root\"><\/div>\n<p><strong>Ficha t\u00e9cnico art\u00edstica<\/strong><br \/>\nAutor\u00eda: <em><strong>Francisco Enrique<\/strong><\/em><br \/>\nSobre textos de: <em><strong>Franz Kafka<\/strong><\/em><\/p>\n<p>Actuaci\u00f3n: <em><strong>N\u00e9stor Navarr\u00eda, Marcelo S\u00e1nchez<\/strong><\/em><\/p>\n<p>Redes Sociales: <em><strong>nadcardoso<\/strong><\/em><br \/>\nCanciones: <strong><em>Pablo Dacal<\/em><\/strong><br \/>\nEdici\u00f3n musical:\u00a0 <em><strong>Pablo Dacal, Jean Paul Martini, Julio Sleiman<\/strong><\/em><br \/>\nM\u00fasica:\u00a0 <em><strong>Pablo Dacal<\/strong><\/em><br \/>\nAsistencia de direcci\u00f3n: <em><strong>Enrique Porcellana<\/strong><\/em><br \/>\nPrensa: <em><strong>Giacani- Lauro Comunicaci\u00f3n<\/strong><\/em><\/p>\n<p>Puesta en escena:\u00a0 <em><strong>Enrique Dacal<\/strong><\/em><br \/>\nDirecci\u00f3n:<em><strong> Enrique Dacal<\/strong><\/em><\/p>\n<p>Duraci\u00f3n: <em><strong>65 minutos<\/strong><\/em><\/p>\n<p>&nbsp;<\/p>\n<hr \/>\n<h3>ALGUNAS OPINIONES SOBRE LA OBRA<\/h3>\n<hr \/>\n<p><strong>Max\u00a0<\/strong><br \/>\n<em>\u00bfQu\u00e9 se puede decir de estos procedimientos? Se trata de una obra muy interesante y bella, cuyas poleas de tracci\u00f3n son las actuaciones del d\u00fao junto con el uso inteligente de la escenografia, que en ning\u00fan momento queda anclada como decorado; por \u00faltimo pero no menos importante, son destacables tambi\u00e9n la puesta y la adaptaci\u00f3n de esos textos, que revisten dificultad, fuerza po\u00e9tica y una carga de absurdo. El fen\u00f3meno de la espera, tan kafkiano, tan Godot, tan de este momento (aunque funciona como iron\u00eda en estos tiempos de hiper aceleraci\u00f3n), resulta inquietante durante toda la obra.<\/em><br \/>\n<em>Recomiendo que vayan a verla.<\/em><\/p>\n<p><strong>Rodolfo<\/strong><br \/>\n<em>La vi el a\u00f1o pasado y ayer la volvi a ver&#8230; excelete!!!<\/em><\/p>\n<p><strong>Deborah<\/strong><br \/>\n<em>Anoche fui a ver Procedimientos para inhibir la voluntad de los individuos. Tremendos trabajos actorales, intensos, de esos en los que los actores transpiran, escupen y llegan. Gran histronismo de ambos. La fuerza de la palabra acompa\u00f1a de gran destreza f\u00edsica . Pulidos , con detalles y con gran direccion y puesta de Dacal. Que siempre me sorprende. Mucha teatralidad como me gusta. Gracias a todos por dejar todo , se siente y trascienden rompiendo la cuarta pared.<\/em><br \/>\n<em>Solo les queda una funci\u00f3n, una. Veanlos.<\/em><\/p>\n<p><strong>Lisandro D\u00edaz<\/strong><br \/>\n<em>Reci\u00e9n llego de ver la obra &#8220;PROCEDIMIENTOS PARA INHIBIR LA VOLUNTAD DE LOS INDIVIDUOS&#8221; de Francisco Enrique, sobre un cuento de Franz Kafka. Con: Marcelo S\u00e1nchez y N\u00e9stor Navarria. Direcci\u00f3n: Enrique Dacal. Teatro &#8220;Tadr\u00f3n&#8221;. Habiendo tenido una formaci\u00f3n inicial de actuaci\u00f3n en 1991\/92, con Oscar Naya, egresado de la EMAD, y sabiendo que el director es de la misma Escuela, no me sorprendi\u00f3 encontrarme con un producto de esa escencia esc\u00e9nica. En la EMAD, de la sede de la calle Per\u00fa, vi la obra &#8220;Cucha de almas&#8221;. Siempre me siento arriba porque veo mejor las obras. Es la primera vez o la segunda no recuerdo, creo que vi &#8220;Fragmentos de una e\u0155otica&#8221; de Dacal en &#8220;Babilonia&#8221;. Al ver esta puesta y desde arriba, me sent\u00ed como cuando iba en los 90 al &#8220;Teatro San Martin&#8221;. El titulo ya da miedo. Dos se\u00f1ores de traje, una mesa y cubos de madera esparcidos \u00bfpersonas?. Discuten, se rien, planifican futuros. Parecen seres triunfadores, risue\u00f1os y simp\u00e1ticos, pero parecen ocultar oscuros pasados y esos cubos de madera ser\u00e1n victimas, desaparecidos podria decir. Me identifiqu\u00e9 con esos cubos. Y esa bolsa final que ser\u00e1? El trabajo de los actores es maravilloso, sosteniendo un texto complejo con histrionismo y versatilidad durante toda la obra. Se nota la Escuela del director. Excelente trabajo. En Marzo vuelven. Para agendar.<\/em><\/p>\n<p><strong>M\u00f3nica<\/strong><br \/>\n<em>Excelente obra con dos grandes actores. Muy buena puesta, original. Da gusto cuando se vebuen teatro. Felicitaciones<\/em><\/p>\n<p><strong>Rodolfo\u00a0<\/strong><br \/>\n<em>Excelente!!! <\/em><br \/>\n<em>Teatro del absurdo con texto de Kafka&#8230; imperdibles!!!<\/em><\/p>\n<!-- AddThis Advanced Settings generic via filter on the_content --><!-- AddThis Share Buttons generic via filter on the_content -->","protected":false},"excerpt":{"rendered":"<p><strong><span style=\"color: #ff0000;\">S\u00e1bado 11 de abril &#8211; 21 hs<br \/>\n<\/span><\/strong><em><strong><br \/>\nPROCEDIMIENTOS PARA INHIBIR LA VOLUNTAD DE LOS INDIVIDUOS<\/strong><\/em><br \/>\n<em><strong>(&#8230;en mi mont\u00f3n de tierra puedo so\u00f1arlo todo&#8230;)<\/strong><\/em><\/p>\n<p>El Sr. F y el Sr. K nos gu\u00edan por un laberinto seguro contra todo posible enemigo que pueda acecharnos a la espera del momento para destruir nuestra tranquilidad, la integridad de nuestras posesiones y la posibilidad de ser felices a\u00fan en medio de la segura oscuridad que supimos elegir. Cada uno de ellos cumple con el probado derrotero de levantar murallas y acerrojar posesiones, conservando el estado de las cosas que heredar\u00e1 la posteridad. A cubierto del exterior y convencidos de que la prevenci\u00f3n es la garant\u00eda del fracaso para cualquier atrevimiento de agresi\u00f3n o saqueo, explican el miedo, preparan la reacci\u00f3n, prometen el peligro. Orgullosos del laberinto, hacen gala de su antiqu\u00edsimo linaje; salmodian con impudicia mientras esperan lo que irremediablemente suceder\u00e1\u2026 Cada uno construir\u00e1 su fortaleza, asegurar\u00e1 su mont\u00f3n de tierra, contabilizar\u00e1 sus dominios, controlar\u00e1 su mundo y vigilar\u00e1 al otro&#8230; \u00bfY el otro? \u00bfQu\u00e9 est\u00e1 haciendo el otro? \u00bfHay otro?\u2026 El Sr. F y el Sr. K &#8211; vidas paralelas de existencia complementaria &#8211; adoctrinan, desde la caverna, sobre como deber\u00e1n seguirse los Procedimientos para inhibir la voluntad de los individuos.<\/p>\n<hr \/>\n<p>&nbsp;<!-- AddThis Advanced Settings generic via filter on get_the_excerpt --><!-- AddThis Share Buttons generic via filter on get_the_excerpt --><\/p>\n","protected":false},"featured_media":2515,"comment_status":"closed","ping_status":"closed","template":"","meta":[],"product_brand":[],"product_cat":[92],"product_tag":[],"class_list":{"0":"post-2514","1":"product","2":"type-product","3":"status-publish","4":"has-post-thumbnail","6":"product_cat-espectaculos","8":"first","9":"instock","10":"featured","11":"shipping-taxable","12":"purchasable","13":"product-type-simple"},"_links":{"self":[{"href":"https:\/\/lamoreno.com.ar\/web\/wp-json\/wp\/v2\/product\/2514","targetHints":{"allow":["GET"]}}],"collection":[{"href":"https:\/\/lamoreno.com.ar\/web\/wp-json\/wp\/v2\/product"}],"about":[{"href":"https:\/\/lamoreno.com.ar\/web\/wp-json\/wp\/v2\/types\/product"}],"replies":[{"embeddable":true,"href":"https:\/\/lamoreno.com.ar\/web\/wp-json\/wp\/v2\/comments?post=2514"}],"wp:featuredmedia":[{"embeddable":true,"href":"https:\/\/lamoreno.com.ar\/web\/wp-json\/wp\/v2\/media\/2515"}],"wp:attachment":[{"href":"https:\/\/lamoreno.com.ar\/web\/wp-json\/wp\/v2\/media?parent=2514"}],"wp:term":[{"taxonomy":"product_brand","embeddable":true,"href":"https:\/\/lamoreno.com.ar\/web\/wp-json\/wp\/v2\/product_brand?post=2514"},{"taxonomy":"product_cat","embeddable":true,"href":"https:\/\/lamoreno.com.ar\/web\/wp-json\/wp\/v2\/product_cat?post=2514"},{"taxonomy":"product_tag","embeddable":true,"href":"https:\/\/lamoreno.com.ar\/web\/wp-json\/wp\/v2\/product_tag?post=2514"}],"curies":[{"name":"wp","href":"https:\/\/api.w.org\/{rel}","templated":true}]}}